{"id":3816,"date":"2021-03-30T23:29:09","date_gmt":"2021-03-30T23:29:09","guid":{"rendered":"https:\/\/essentials.pixfort.com\/modern-elementor\/?page_id=3816"},"modified":"2024-02-04T13:34:40","modified_gmt":"2024-02-04T13:34:40","slug":"contacto","status":"publish","type":"page","link":"https:\/\/dnmantenimiento.com\/?page_id=3816","title":{"rendered":"Contacto"},"content":{"rendered":"\t\t<div data-elementor-type=\"wp-page\" data-elementor-id=\"3816\" class=\"elementor elementor-3816\">\n\t\t\t\t\t\t<section class=\"elementor-section elementor-top-section elementor-element elementor-element-71d3dd1 elementor-section-height-min-height elementor-section-stretched elementor-section-boxed elementor-section-height-default elementor-section-items-middle\" data-id=\"71d3dd1\" data-element_type=\"section\" data-e-type=\"section\" data-settings=\"{&quot;stretch_section&quot;:&quot;section-stretched&quot;,&quot;background_background&quot;:&quot;classic&quot;}\">\n\t\t\t\t\t\t\t<div class=\"elementor-background-overlay\"><\/div>\n\t\t\t\t\t\t\t<div class=\"elementor-container elementor-column-gap-default\">\n\t\t\t\t\t<div class=\"elementor-column elementor-col-100 elementor-top-column elementor-element elementor-element-3fb45f8\" data-id=\"3fb45f8\" data-element_type=\"column\" data-e-type=\"column\">\n\t\t\t<div class=\"elementor-widget-wrap elementor-element-populated\">\n\t\t\t\t\t\t<section class=\"elementor-section elementor-inner-section elementor-element elementor-element-316428f elementor-section-boxed elementor-section-height-default elementor-section-height-default\" data-id=\"316428f\" data-element_type=\"section\" data-e-type=\"section\">\n\t\t\t\t\t\t<div class=\"elementor-container elementor-column-gap-default\">\n\t\t\t\t\t<div class=\"elementor-column elementor-col-100 elementor-inner-column elementor-element elementor-element-e4aedbd\" data-id=\"e4aedbd\" data-element_type=\"column\" data-e-type=\"column\">\n\t\t\t<div class=\"elementor-widget-wrap elementor-element-populated\">\n\t\t\t\t\t\t<div class=\"elementor-element elementor-element-bc2d60a elementor-widget elementor-widget-pix-heading\" data-id=\"bc2d60a\" data-element_type=\"widget\" data-e-type=\"widget\" data-widget_type=\"pix-heading.default\">\n\t\t\t\t<div class=\"elementor-widget-container\">\n\t\t\t\t\t<div  class=\"pix-heading-el text-left \"><div><div class=\"slide-in-container\"><h1 class=\"text-white font-weight-bold heading-text el-title_custom_color mb-12\" style=\"\" data-anim-type=\"\" data-anim-delay=\"\">Contacto<\/h1><\/div><\/div><\/div>\t\t\t\t<\/div>\n\t\t\t\t<\/div>\n\t\t\t\t<div class=\"elementor-element elementor-element-518d89c elementor-widget elementor-widget-pix-text\" data-id=\"518d89c\" data-element_type=\"widget\" data-e-type=\"widget\" data-widget_type=\"pix-text.default\">\n\t\t\t\t<div class=\"elementor-widget-container\">\n\t\t\t\t\t<div class=\"pix-el-text w-100 text-left \" ><div class=\"d-inline-block\" style=\"max-width:600px;\"><p class=\"text-20  text-white text-left \" >Si deseas recibir informaci\u00f3n adicional, p\u00f3ngase en contacto con nosotros.<\/p><\/div><\/div>\t\t\t\t<\/div>\n\t\t\t\t<\/div>\n\t\t\t\t\t<\/div>\n\t\t<\/div>\n\t\t\t\t\t<\/div>\n\t\t<\/section>\n\t\t\t\t<section class=\"elementor-section elementor-inner-section elementor-element elementor-element-3c306cb elementor-section-boxed elementor-section-height-default elementor-section-height-default\" data-id=\"3c306cb\" data-element_type=\"section\" data-e-type=\"section\">\n\t\t\t\t\t\t<div class=\"elementor-container elementor-column-gap-default\">\n\t\t\t\t\t<div class=\"elementor-column elementor-col-33 elementor-inner-column elementor-element elementor-element-fb6ecde fly-sm\" data-id=\"fb6ecde\" data-element_type=\"column\" data-e-type=\"column\" data-settings=\"{&quot;background_background&quot;:&quot;classic&quot;}\">\n\t\t\t<div class=\"elementor-widget-wrap elementor-element-populated\">\n\t\t\t\t\t\t<div class=\"elementor-element elementor-element-1cedefb elementor-widget elementor-widget-pix-icon\" data-id=\"1cedefb\" data-element_type=\"widget\" data-e-type=\"widget\" data-widget_type=\"pix-icon.default\">\n\t\t\t\t<div class=\"elementor-widget-container\">\n\t\t\t\t\t<a class=\"text-center \"  href=\"#\" target=\"\"><div id=\"duo-icon-17487912\" class=\"pix-icon text-center \"><div class=\"rounded-circle d-inline-block feature_img  bg-gradient-primary-light\"   style=\" width:108px;height:108px;position:relative;line-height:108px;text-align:center;\"><i style=\"display:inline-block;font-size:60px;line-height:60px;\" class=\"text-secondary align-middle pixicon-support-1\"><\/i><\/div><\/div><\/a>\t\t\t\t<\/div>\n\t\t\t\t<\/div>\n\t\t\t\t<div class=\"elementor-element elementor-element-5d1a5f7 elementor-widget elementor-widget-pix-text\" data-id=\"5d1a5f7\" data-element_type=\"widget\" data-e-type=\"widget\" data-widget_type=\"pix-text.default\">\n\t\t\t\t<div class=\"elementor-widget-container\">\n\t\t\t\t\t<div class=\"pix-el-text w-100 text-center \" ><p class=\"text-20 m-0 text-black text-center font-weight-bold secondary-font\" >Tel\u00e9fono<\/p><\/div>\t\t\t\t<\/div>\n\t\t\t\t<\/div>\n\t\t\t\t<div class=\"elementor-element elementor-element-b6fef3e elementor-widget elementor-widget-pix-text\" data-id=\"b6fef3e\" data-element_type=\"widget\" data-e-type=\"widget\" data-widget_type=\"pix-text.default\">\n\t\t\t\t<div class=\"elementor-widget-container\">\n\t\t\t\t\t<div class=\"pix-el-text w-100 text-center \" ><p class=\"text-20 m-0 text-black text-center font-weight-bold\" ><a href=\"tel:+34604112078\">+34 604 11 20 78<\/a><\/p><\/div>\t\t\t\t<\/div>\n\t\t\t\t<\/div>\n\t\t\t\t<div class=\"elementor-element elementor-element-792dbb2 elementor-widget elementor-widget-pix-text\" data-id=\"792dbb2\" data-element_type=\"widget\" data-e-type=\"widget\" data-widget_type=\"pix-text.default\">\n\t\t\t\t<div class=\"elementor-widget-container\">\n\t\t\t\t\t<div class=\"pix-el-text w-100 text-center \" ><p class=\"text-sm m-0 text-black text-center \" >Puedes escribirnos por WhatsApp<\/p><\/div>\t\t\t\t<\/div>\n\t\t\t\t<\/div>\n\t\t\t\t\t<\/div>\n\t\t<\/div>\n\t\t\t\t<div class=\"elementor-column elementor-col-33 elementor-inner-column elementor-element elementor-element-b8ee96e fly-sm\" data-id=\"b8ee96e\" data-element_type=\"column\" data-e-type=\"column\" data-settings=\"{&quot;background_background&quot;:&quot;classic&quot;}\">\n\t\t\t<div class=\"elementor-widget-wrap elementor-element-populated\">\n\t\t\t\t\t\t<div class=\"elementor-element elementor-element-7a2fc57 elementor-widget elementor-widget-pix-icon\" data-id=\"7a2fc57\" data-element_type=\"widget\" data-e-type=\"widget\" data-widget_type=\"pix-icon.default\">\n\t\t\t\t<div class=\"elementor-widget-container\">\n\t\t\t\t\t<a class=\"text-center \"  href=\"#\" target=\"\"><div id=\"duo-icon-158847065\" class=\"pix-icon text-center \"><div class=\"rounded-circle d-inline-block feature_img  bg-gradient-primary-light\"   style=\" width:108px;height:108px;position:relative;line-height:108px;text-align:center;\"><i style=\"display:inline-block;font-size:60px;line-height:60px;\" class=\"text-secondary align-middle pixicon-email-open-2\"><\/i><\/div><\/div><\/a>\t\t\t\t<\/div>\n\t\t\t\t<\/div>\n\t\t\t\t<div class=\"elementor-element elementor-element-c0bdc20 elementor-widget elementor-widget-pix-text\" data-id=\"c0bdc20\" data-element_type=\"widget\" data-e-type=\"widget\" data-widget_type=\"pix-text.default\">\n\t\t\t\t<div class=\"elementor-widget-container\">\n\t\t\t\t\t<div class=\"pix-el-text w-100 text-center \" ><p class=\"text-20 m-0 text-black text-center font-weight-bold secondary-font\" >Email<\/p><\/div>\t\t\t\t<\/div>\n\t\t\t\t<\/div>\n\t\t\t\t<div class=\"elementor-element elementor-element-93ee585 elementor-widget elementor-widget-pix-text\" data-id=\"93ee585\" data-element_type=\"widget\" data-e-type=\"widget\" data-widget_type=\"pix-text.default\">\n\t\t\t\t<div class=\"elementor-widget-container\">\n\t\t\t\t\t<div class=\"pix-el-text w-100 text-center \" ><p class=\"text-20 m-0 text-black text-center \" ><a href=\"mailto:info@dnmantenimiento.com\">info@dnmantenimiento.com<\/a><\/p><\/div>\t\t\t\t<\/div>\n\t\t\t\t<\/div>\n\t\t\t\t<div class=\"elementor-element elementor-element-0257fca elementor-widget elementor-widget-pix-text\" data-id=\"0257fca\" data-element_type=\"widget\" data-e-type=\"widget\" data-widget_type=\"pix-text.default\">\n\t\t\t\t<div class=\"elementor-widget-container\">\n\t\t\t\t\t<div class=\"pix-el-text w-100 text-center \" ><p class=\"text-sm m-0 text-black text-center \" >Responeremos a la mayor brevedad posible<\/p><\/div>\t\t\t\t<\/div>\n\t\t\t\t<\/div>\n\t\t\t\t\t<\/div>\n\t\t<\/div>\n\t\t\t\t<div class=\"elementor-column elementor-col-33 elementor-inner-column elementor-element elementor-element-4f4655b fly-sm\" data-id=\"4f4655b\" data-element_type=\"column\" data-e-type=\"column\" data-settings=\"{&quot;background_background&quot;:&quot;classic&quot;}\">\n\t\t\t<div class=\"elementor-widget-wrap elementor-element-populated\">\n\t\t\t\t\t\t<div class=\"elementor-element elementor-element-3caa52e elementor-widget elementor-widget-pix-icon\" data-id=\"3caa52e\" data-element_type=\"widget\" data-e-type=\"widget\" data-widget_type=\"pix-icon.default\">\n\t\t\t\t<div class=\"elementor-widget-container\">\n\t\t\t\t\t<a class=\"text-center \"  href=\"#\" target=\"\"><div id=\"duo-icon-152544774\" class=\"pix-icon text-center \"><div class=\"rounded-circle d-inline-block feature_img  bg-gradient-primary-light\"   style=\" width:108px;height:108px;position:relative;line-height:108px;text-align:center;\"><i style=\"display:inline-block;font-size:60px;line-height:60px;\" class=\"text-secondary align-middle pixicon-world-map-pin\"><\/i><\/div><\/div><\/a>\t\t\t\t<\/div>\n\t\t\t\t<\/div>\n\t\t\t\t<div class=\"elementor-element elementor-element-c841185 elementor-widget elementor-widget-pix-text\" data-id=\"c841185\" data-element_type=\"widget\" data-e-type=\"widget\" data-widget_type=\"pix-text.default\">\n\t\t\t\t<div class=\"elementor-widget-container\">\n\t\t\t\t\t<div class=\"pix-el-text w-100 text-center \" ><p class=\"text-20 m-0 text-black text-center font-weight-bold secondary-font\" >Ubicaci\u00f3n <\/p><\/div>\t\t\t\t<\/div>\n\t\t\t\t<\/div>\n\t\t\t\t<div class=\"elementor-element elementor-element-f99ab30 elementor-widget elementor-widget-pix-text\" data-id=\"f99ab30\" data-element_type=\"widget\" data-e-type=\"widget\" data-widget_type=\"pix-text.default\">\n\t\t\t\t<div class=\"elementor-widget-container\">\n\t\t\t\t\t<div class=\"pix-el-text w-100 text-center \" ><p class=\"text-20 m-0 text-black text-center \" >Menorca<\/p><\/div>\t\t\t\t<\/div>\n\t\t\t\t<\/div>\n\t\t\t\t<div class=\"elementor-element elementor-element-a638ef2 elementor-widget elementor-widget-pix-text\" data-id=\"a638ef2\" data-element_type=\"widget\" data-e-type=\"widget\" data-widget_type=\"pix-text.default\">\n\t\t\t\t<div class=\"elementor-widget-container\">\n\t\t\t\t\t<div class=\"pix-el-text w-100 text-center \" ><p class=\"text-sm m-0 text-black text-center \" >Trabajamos en toda la isla<\/p><\/div>\t\t\t\t<\/div>\n\t\t\t\t<\/div>\n\t\t\t\t\t<\/div>\n\t\t<\/div>\n\t\t\t\t\t<\/div>\n\t\t<\/section>\n\t\t\t\t\t<\/div>\n\t\t<\/div>\n\t\t\t\t\t<\/div>\n\t\t<\/section>\n\t\t\t\t<section class=\"elementor-section elementor-top-section elementor-element elementor-element-a2e6894 elementor-section-full_width elementor-section-stretched elementor-section-height-default elementor-section-height-default\" data-id=\"a2e6894\" data-element_type=\"section\" data-e-type=\"section\" data-settings=\"{&quot;stretch_section&quot;:&quot;section-stretched&quot;}\">\n\t\t\t\t\t\t<div class=\"elementor-container elementor-column-gap-narrow\">\n\t\t\t\t\t<div class=\"elementor-column elementor-col-100 elementor-top-column elementor-element elementor-element-904f048\" data-id=\"904f048\" data-element_type=\"column\" data-e-type=\"column\">\n\t\t\t<div class=\"elementor-widget-wrap\">\n\t\t\t\t\t\t\t<\/div>\n\t\t<\/div>\n\t\t\t\t\t<\/div>\n\t\t<\/section>\n\t\t<div class=\"elementor-element elementor-element-692895d e-con-full e-flex e-con e-parent\" data-id=\"692895d\" data-element_type=\"container\" data-e-type=\"container\">\n\t\t\t\t<div class=\"elementor-element elementor-element-5994cfc elementor-widget elementor-widget-html\" data-id=\"5994cfc\" data-element_type=\"widget\" data-e-type=\"widget\" data-widget_type=\"html.default\">\n\t\t\t\t<div class=\"elementor-widget-container\">\n\t\t\t\t\t\n\t\t\t\t<div class='mapster-wp-maps-container'>\n\t\t\t\t<div class='mapster-wp-maps-loader-container' style='height: 500px;width: 100%;'>\n\t\t\t\t\t<div class='mapster-map-loader-initial' style='background-color: rgba(255, 255, 255, 0)'>\n\t\t\t\t\t\t<svg width='38' height='38' viewBox='0 0 38 38' xmlns='https:\/\/www.w3.org\/2000\/svg' stroke='#333'> <g fill='none' fill-rule='evenodd'> <g transform='translate(1 1)' stroke-width='2'> <circle stroke-opacity='.5' cx='18' cy='18' r='18'\/> <path d='M36 18c0-9.94-8.06-18-18-18'> <animateTransform attributeName='transform' type='rotate' from='0 18 18' to='360 18 18' dur='1s' repeatCount='indefinite'\/> <\/path> <\/g> <\/g> <\/svg>\n\t\t\t\t\t<\/div>\n\t\t\t\t<\/div>\n\t\t\t\t<div class='mapster-wp-maps'\n\t\t\t\t\tid='mapster-wp-maps-3940'\n\t\t\t\t\tdata-id='3940'\n\t\t\t\t\tdata-latitude='null'\n\t\t\t\t\tdata-longitude='null'\n\t\t\t\t\tdata-zoom='null'\n\t\t\t\t\tdata-single_feature_id=''\n\t\t\t\t\tdata-feature_ids=''>\n\t\t\t\t<\/div>\n\t\t\t\t\n\t\t\t<\/div>\n\t\t\t\t\t\t<\/div>\n\t\t\t\t<\/div>\n\t\t\t\t<\/div>\n\t\t\t\t<\/div>\n\t\t","protected":false},"excerpt":{"rendered":"<p>Contacto Si deseas recibir informaci\u00f3n adicional, p\u00f3ngase en contacto con nosotros. Tel\u00e9fono +34 604 11 20 78 Puedes escribirnos por WhatsApp Email info@dnmantenimiento.com Responeremos a la mayor brevedad posible Ubicaci\u00f3n Menorca Trabajamos en toda la isla<\/p>\n","protected":false},"author":1,"featured_media":0,"parent":0,"menu_order":0,"comment_status":"closed","ping_status":"closed","template":"","meta":{"_acf_changed":false,"_monsterinsights_skip_tracking":false,"_monsterinsights_sitenote_active":false,"_monsterinsights_sitenote_note":"","_monsterinsights_sitenote_category":0,"footnotes":""},"class_list":["post-3816","page","type-page","status-publish","hentry"],"aioseo_notices":[],"acf":[],"_links":{"self":[{"href":"https:\/\/dnmantenimiento.com\/index.php?rest_route=\/wp\/v2\/pages\/3816","targetHints":{"allow":["GET"]}}],"collection":[{"href":"https:\/\/dnmantenimiento.com\/index.php?rest_route=\/wp\/v2\/pages"}],"about":[{"href":"https:\/\/dnmantenimiento.com\/index.php?rest_route=\/wp\/v2\/types\/page"}],"author":[{"embeddable":true,"href":"https:\/\/dnmantenimiento.com\/index.php?rest_route=\/wp\/v2\/users\/1"}],"replies":[{"embeddable":true,"href":"https:\/\/dnmantenimiento.com\/index.php?rest_route=%2Fwp%2Fv2%2Fcomments&post=3816"}],"version-history":[{"count":0,"href":"https:\/\/dnmantenimiento.com\/index.php?rest_route=\/wp\/v2\/pages\/3816\/revisions"}],"wp:attachment":[{"href":"https:\/\/dnmantenimiento.com\/index.php?rest_route=%2Fwp%2Fv2%2Fmedia&parent=3816"}],"curies":[{"name":"wp","href":"https:\/\/api.w.org\/{rel}","templated":true}]}}